{"id":548,"date":"2022-01-30T13:49:39","date_gmt":"2022-01-30T12:49:39","guid":{"rendered":"https:\/\/www.homeveteindhoven.nl\/?page_id=548"},"modified":"2024-09-05T20:15:05","modified_gmt":"2024-09-05T18:15:05","slug":"veelgestelde-vragen","status":"publish","type":"page","link":"https:\/\/www.homeveteindhoven.nl\/nl\/veelgestelde-vragen\/","title":{"rendered":"F.A.Q."},"content":{"rendered":"<div data-elementor-type=\"wp-page\" data-elementor-id=\"548\" class=\"elementor elementor-548\" data-elementor-post-type=\"page\">\n\t\t\t\t\t\t<section class=\"elementor-section elementor-top-section elementor-element elementor-element-9748712 elementor-section-height-min-height elementor-section-boxed elementor-section-height-default elementor-section-items-middle\" data-id=\"9748712\" data-element_type=\"section\" data-e-type=\"section\" data-settings=\"{&quot;background_background&quot;:&quot;classic&quot;}\">\n\t\t\t\t\t\t<div class=\"elementor-container elementor-column-gap-default\">\n\t\t\t\t\t<div class=\"elementor-column elementor-col-100 elementor-top-column elementor-element elementor-element-09ecc1d\" data-id=\"09ecc1d\" data-element_type=\"column\" data-e-type=\"column\">\n\t\t\t<div class=\"elementor-widget-wrap elementor-element-populated\">\n\t\t\t\t\t\t<div class=\"elementor-element elementor-element-f692e0d elementor-widget__width-initial elementor-widget-mobile__width-inherit elementor-widget elementor-widget-heading\" data-id=\"f692e0d\" data-element_type=\"widget\" data-e-type=\"widget\" data-widget_type=\"heading.default\">\n\t\t\t\t<div class=\"elementor-widget-container\">\n\t\t\t\t\t<h2 class=\"elementor-heading-title elementor-size-default\">Veelgestelde vragen<\/h2>\t\t\t\t<\/div>\n\t\t\t\t<\/div>\n\t\t\t\t<div class=\"elementor-element elementor-element-60c2653 elementor-mobile-align-center elementor-align-left elementor-widget elementor-widget-button\" data-id=\"60c2653\" data-element_type=\"widget\" data-e-type=\"widget\" data-widget_type=\"button.default\">\n\t\t\t\t<div class=\"elementor-widget-container\">\n\t\t\t\t\t\t\t\t\t<div class=\"elementor-button-wrapper\">\n\t\t\t\t\t<a class=\"elementor-button elementor-button-link elementor-size-lg\" href=\"https:\/\/www.homeveteindhoven.nl\/nl\/afspraak-maken\/\">\n\t\t\t\t\t\t<span class=\"elementor-button-content-wrapper\">\n\t\t\t\t\t\t\t\t\t<span class=\"elementor-button-text\">Afspraak maken<\/span>\n\t\t\t\t\t<\/span>\n\t\t\t\t\t<\/a>\n\t\t\t\t<\/div>\n\t\t\t\t\t\t\t\t<\/div>\n\t\t\t\t<\/div>\n\t\t\t\t\t<\/div>\n\t\t<\/div>\n\t\t\t\t\t<\/div>\n\t\t<\/section>\n\t\t\t\t<section class=\"elementor-section elementor-top-section elementor-element elementor-element-0446e05 elementor-section-boxed elementor-section-height-default elementor-section-height-default\" data-id=\"0446e05\" data-element_type=\"section\" data-e-type=\"section\" data-settings=\"{&quot;animation&quot;:&quot;none&quot;,&quot;background_background&quot;:&quot;classic&quot;,&quot;shape_divider_top&quot;:&quot;opacity-tilt&quot;}\">\n\t\t\t\t\t<div class=\"elementor-shape elementor-shape-top\" aria-hidden=\"true\" data-negative=\"false\">\n\t\t\t<svg xmlns=\"http:\/\/www.w3.org\/2000\/svg\" viewbox=\"0 0 2600 131.1\" preserveaspectratio=\"none\">\n\t<path class=\"elementor-shape-fill\" d=\"M0 0L2600 0 2600 69.1 0 0z\"\/>\n\t<path class=\"elementor-shape-fill\" style=\"opacity:0.5\" d=\"M0 0L2600 0 2600 69.1 0 69.1z\"\/>\n\t<path class=\"elementor-shape-fill\" style=\"opacity:0.25\" d=\"M2600 0L0 0 0 130.1 2600 69.1z\"\/>\n<\/svg>\t\t<\/div>\n\t\t\t\t\t<div class=\"elementor-container elementor-column-gap-default\">\n\t\t\t\t\t<div class=\"elementor-column elementor-col-100 elementor-top-column elementor-element elementor-element-136088f\" data-id=\"136088f\" data-element_type=\"column\" data-e-type=\"column\">\n\t\t\t<div class=\"elementor-widget-wrap elementor-element-populated\">\n\t\t\t\t\t\t<div class=\"elementor-element elementor-element-dc7ea68 elementor-widget elementor-widget-heading\" data-id=\"dc7ea68\" data-element_type=\"widget\" data-e-type=\"widget\" data-widget_type=\"heading.default\">\n\t\t\t\t<div class=\"elementor-widget-container\">\n\t\t\t\t\t<h2 class=\"elementor-heading-title elementor-size-default\">Hoe werkt Home Vet Eindhoven?<\/h2>\t\t\t\t<\/div>\n\t\t\t\t<\/div>\n\t\t\t\t<div class=\"elementor-element elementor-element-bf26a61 elementor-widget elementor-widget-accordion\" data-id=\"bf26a61\" data-element_type=\"widget\" data-e-type=\"widget\" data-widget_type=\"accordion.default\">\n\t\t\t\t<div class=\"elementor-widget-container\">\n\t\t\t\t\t\t\t<div class=\"elementor-accordion\">\n\t\t\t\t\t\t\t<div class=\"elementor-accordion-item\">\n\t\t\t\t\t<div id=\"elementor-tab-title-2001\" class=\"elementor-tab-title\" data-tab=\"1\" role=\"button\" aria-controls=\"elementor-tab-content-2001\" aria-expanded=\"false\">\n\t\t\t\t\t\t\t\t\t\t\t\t\t<span class=\"elementor-accordion-icon elementor-accordion-icon-left\" aria-hidden=\"true\">\n\t\t\t\t\t\t\t\t\t\t\t\t\t\t\t<span class=\"elementor-accordion-icon-closed\"><i class=\"fas fa-plus\"><\/i><\/span>\n\t\t\t\t\t\t\t\t<span class=\"elementor-accordion-icon-opened\"><i class=\"fas fa-minus\"><\/i><\/span>\n\t\t\t\t\t\t\t\t\t\t\t\t\t\t<\/span>\n\t\t\t\t\t\t\t\t\t\t\t\t<a class=\"elementor-accordion-title\" tabindex=\"0\">Hoe werken we?<\/a>\n\t\t\t\t\t<\/div>\n\t\t\t\t\t<div id=\"elementor-tab-content-2001\" class=\"elementor-tab-content elementor-clearfix\" data-tab=\"1\" role=\"region\" aria-labelledby=\"elementor-tab-title-2001\"><p class=\"translation-block\">Een afspraak maken is eenvoudig. Vul ons <a href=\"https:\/\/www.homeveteindhoven.nl\/nl\/afspraak-maken\/\" target=\"_self\"><strong>online boekingsformulier<\/strong><\/a> in en wij nemen zo spoedig mogelijk contact met u op.<\/p><p class=\"translation-block\">We komen bij u thuis en nemen alles mee wat we nodig hebben. De meeste aandoeningen en diensten die u normaal in een dierenkliniek zou krijgen, kunnen bij u thuis worden uitgevoerd. Wij bieden een breed scala aan <a href=\"https:\/\/www.homeveteindhoven.nl\/nl\/diensten\/\" target=\"_self\"><strong>diensten en behandelingen<\/strong><\/a>.<\/p><\/div>\n\t\t\t\t<\/div>\n\t\t\t\t\t\t\t\t<\/div>\n\t\t\t\t\t\t<\/div>\n\t\t\t\t<\/div>\n\t\t\t\t\t<\/div>\n\t\t<\/div>\n\t\t\t\t\t<\/div>\n\t\t<\/section>\n\t\t\t\t<section class=\"elementor-section elementor-top-section elementor-element elementor-element-697f1da elementor-section-boxed elementor-section-height-default elementor-section-height-default\" data-id=\"697f1da\" data-element_type=\"section\" data-e-type=\"section\" data-settings=\"{&quot;background_background&quot;:&quot;classic&quot;}\">\n\t\t\t\t\t\t<div class=\"elementor-container elementor-column-gap-default\">\n\t\t\t\t\t<div class=\"elementor-column elementor-col-100 elementor-top-column elementor-element elementor-element-683cd06\" data-id=\"683cd06\" data-element_type=\"column\" data-e-type=\"column\">\n\t\t\t<div class=\"elementor-widget-wrap elementor-element-populated\">\n\t\t\t\t\t\t<div class=\"elementor-element elementor-element-b9e68d7 elementor-widget elementor-widget-heading\" data-id=\"b9e68d7\" data-element_type=\"widget\" data-e-type=\"widget\" data-widget_type=\"heading.default\">\n\t\t\t\t<div class=\"elementor-widget-container\">\n\t\t\t\t\t<h2 class=\"elementor-heading-title elementor-size-default\">Huisdieren gezondheid vragen<\/h2>\t\t\t\t<\/div>\n\t\t\t\t<\/div>\n\t\t\t\t<div class=\"elementor-element elementor-element-347ce7c elementor-widget elementor-widget-accordion\" data-id=\"347ce7c\" data-element_type=\"widget\" data-e-type=\"widget\" data-widget_type=\"accordion.default\">\n\t\t\t\t<div class=\"elementor-widget-container\">\n\t\t\t\t\t\t\t<div class=\"elementor-accordion\">\n\t\t\t\t\t\t\t<div class=\"elementor-accordion-item\">\n\t\t\t\t\t<div id=\"elementor-tab-title-5501\" class=\"elementor-tab-title\" data-tab=\"1\" role=\"button\" aria-controls=\"elementor-tab-content-5501\" aria-expanded=\"false\">\n\t\t\t\t\t\t\t\t\t\t\t\t\t<span class=\"elementor-accordion-icon elementor-accordion-icon-left\" aria-hidden=\"true\">\n\t\t\t\t\t\t\t\t\t\t\t\t\t\t\t<span class=\"elementor-accordion-icon-closed\"><i class=\"fas fa-plus\"><\/i><\/span>\n\t\t\t\t\t\t\t\t<span class=\"elementor-accordion-icon-opened\"><i class=\"fas fa-minus\"><\/i><\/span>\n\t\t\t\t\t\t\t\t\t\t\t\t\t\t<\/span>\n\t\t\t\t\t\t\t\t\t\t\t\t<a class=\"elementor-accordion-title\" tabindex=\"0\">Hoe vaak moet ik mijn huisdier vaccineren?<\/a>\n\t\t\t\t\t<\/div>\n\t\t\t\t\t<div id=\"elementor-tab-content-5501\" class=\"elementor-tab-content elementor-clearfix\" data-tab=\"1\" role=\"region\" aria-labelledby=\"elementor-tab-title-5501\"><p>Het vaccinatieschema is afhankelijk van de diersoort en de individuele behoeften van uw huisdier. Afhankelijk van de gezondheid en de levensstijl van uw huisdier zullen onze dierenartsen u adviseren over de optimale vaccinatie voor uw metgezel.<\/p><p class=\"translation-block\">U kunt het vaccinatieschema <a href=\"https:\/\/www.homeveteindhoven.nl\/nl\/vaccinatieschema\/\" target=\"_self\"><strong>hier<\/strong><\/a> raadplegen.<\/p><\/div>\n\t\t\t\t<\/div>\n\t\t\t\t\t\t\t<div class=\"elementor-accordion-item\">\n\t\t\t\t\t<div id=\"elementor-tab-title-5502\" class=\"elementor-tab-title\" data-tab=\"2\" role=\"button\" aria-controls=\"elementor-tab-content-5502\" aria-expanded=\"false\">\n\t\t\t\t\t\t\t\t\t\t\t\t\t<span class=\"elementor-accordion-icon elementor-accordion-icon-left\" aria-hidden=\"true\">\n\t\t\t\t\t\t\t\t\t\t\t\t\t\t\t<span class=\"elementor-accordion-icon-closed\"><i class=\"fas fa-plus\"><\/i><\/span>\n\t\t\t\t\t\t\t\t<span class=\"elementor-accordion-icon-opened\"><i class=\"fas fa-minus\"><\/i><\/span>\n\t\t\t\t\t\t\t\t\t\t\t\t\t\t<\/span>\n\t\t\t\t\t\t\t\t\t\t\t\t<a class=\"elementor-accordion-title\" tabindex=\"0\">Reizen naar het buitenland<\/a>\n\t\t\t\t\t<\/div>\n\t\t\t\t\t<div id=\"elementor-tab-content-5502\" class=\"elementor-tab-content elementor-clearfix\" data-tab=\"2\" role=\"region\" aria-labelledby=\"elementor-tab-title-5502\"><p><span>De algemene vereisten wanneer u met uw huisdier naar het buitenland reist, zijn:<\/span><\/p><ul><li>Microchip<\/li><li>EU Paspoort (binnen EU)<\/li><li>Rabies vaccinatie (moet ten minste 21 dagen voor het vertrek worden gedaan)<\/li><\/ul><p class=\"translation-block\"><span>U kunt <\/span><b><a href=\"https:\/\/europa.eu\/youreurope\/citizens\/travel\/carry\/animal-plant\/index_en.htm\" target=\"_self\">hier<\/a><\/b> de vereisten van elk land om te reizen met uw huisdier metgezel raadplegen.<\/p><\/div>\n\t\t\t\t<\/div>\n\t\t\t\t\t\t\t<div class=\"elementor-accordion-item\">\n\t\t\t\t\t<div id=\"elementor-tab-title-5503\" class=\"elementor-tab-title\" data-tab=\"3\" role=\"button\" aria-controls=\"elementor-tab-content-5503\" aria-expanded=\"false\">\n\t\t\t\t\t\t\t\t\t\t\t\t\t<span class=\"elementor-accordion-icon elementor-accordion-icon-left\" aria-hidden=\"true\">\n\t\t\t\t\t\t\t\t\t\t\t\t\t\t\t<span class=\"elementor-accordion-icon-closed\"><i class=\"fas fa-plus\"><\/i><\/span>\n\t\t\t\t\t\t\t\t<span class=\"elementor-accordion-icon-opened\"><i class=\"fas fa-minus\"><\/i><\/span>\n\t\t\t\t\t\t\t\t\t\t\t\t\t\t<\/span>\n\t\t\t\t\t\t\t\t\t\t\t\t<a class=\"elementor-accordion-title\" tabindex=\"0\">Hoe vaak moet ik vlooien, teken en wormen behandelen?<\/a>\n\t\t\t\t\t<\/div>\n\t\t\t\t\t<div id=\"elementor-tab-content-5503\" class=\"elementor-tab-content elementor-clearfix\" data-tab=\"3\" role=\"region\" aria-labelledby=\"elementor-tab-title-5503\"><p>Het behandelingsschema voor vlooien, teken en wormen varieert naargelang het product dat voor uw huisdier wordt gebruikt. Hieronder vindt u enkele voorbeelden van verschillende producten en hun toepassingsfrequentie:<\/p><p><strong><a href=\"https:\/\/www.homeveteindhoven.nl\/wp-content\/uploads\/2022\/05\/CatPW.pdf\">Vlooien- en ontwormingsschema_NL<\/a><\/strong><\/p><p><strong><a href=\"https:\/\/www.homeveteindhoven.nl\/wp-content\/uploads\/2022\/05\/DogPW-1.pdf\">Vlooien- en ontwormingsschema_NL<\/a><\/strong><\/p><p><a href=\"https:\/\/www.homeveteindhoven.nl\/wp-content\/uploads\/2022\/05\/PuppyPW.pdf\"><strong>Vlooien- en ontwormingsschema puppy_NL<\/strong><\/a><\/p><p><a href=\"https:\/\/www.homeveteindhoven.nl\/wp-content\/uploads\/2022\/06\/Kat.pdf\"><strong>Kat vlooien- en ontwormingsschema_NL<\/strong><\/a><\/p><p><a href=\"https:\/\/www.homeveteindhoven.nl\/wp-content\/uploads\/2022\/06\/Hond.pdf\"><strong>Hond vlooien- en ontwormingsschema_NL<\/strong><\/a><\/p><p><a href=\"https:\/\/www.homeveteindhoven.nl\/wp-content\/uploads\/2022\/06\/Puppy.pdf\"><strong>Puppy vlooien- en ontwormingsschema_NL<\/strong><\/a><\/p><p><b>Waarom ontwormen?<\/b><\/p><p>Alle volwassen huisdieren worden regelmatig met wormen besmet, vooral buitenhuisdieren en binnenhuisdieren die in contact komen met buitenhuisdieren. Sommige dieren staan erom bekend dat ze hun symptomen maskeren als ze ziek zijn, en dat doen ze ook als ze wormen hebben. Bovendien scheiden de wormen die bij onze huisdieren voorkomen larven uit die gevaarlijk kunnen zijn voor de mens.<\/p><p><b>Waarom is het belangrijk om ook vlooien te behandelen?<\/b><\/p><p>Vlooien brengen lintworm over (die de mens kan besmetten), daarom is het belangrijk om ook onze huisdieren tegen vlooien te behandelen.<\/p><p><b>Wat met teken?<\/b><\/p><p>Teken zijn aanwezig in bosrijke gebieden en kunnen ernstige ziekten overbrengen voor zowel dieren als mensen, zoals de ziekte van Lyme.<\/p><\/div>\n\t\t\t\t<\/div>\n\t\t\t\t\t\t\t\t<\/div>\n\t\t\t\t\t\t<\/div>\n\t\t\t\t<\/div>\n\t\t\t\t\t<\/div>\n\t\t<\/div>\n\t\t\t\t\t<\/div>\n\t\t<\/section>\n\t\t\t\t<section class=\"elementor-section elementor-top-section elementor-element elementor-element-dc24c77 elementor-section-boxed elementor-section-height-default elementor-section-height-default\" data-id=\"dc24c77\" data-element_type=\"section\" data-e-type=\"section\" data-settings=\"{&quot;background_background&quot;:&quot;classic&quot;}\">\n\t\t\t\t\t\t<div class=\"elementor-container elementor-column-gap-default\">\n\t\t\t\t\t<div class=\"elementor-column elementor-col-100 elementor-top-column elementor-element elementor-element-8c229cc\" data-id=\"8c229cc\" data-element_type=\"column\" data-e-type=\"column\">\n\t\t\t<div class=\"elementor-widget-wrap elementor-element-populated\">\n\t\t\t\t\t\t<div class=\"elementor-element elementor-element-d03dcd0 elementor-widget elementor-widget-heading\" data-id=\"d03dcd0\" data-element_type=\"widget\" data-e-type=\"widget\" data-widget_type=\"heading.default\">\n\t\t\t\t<div class=\"elementor-widget-container\">\n\t\t\t\t\t<h2 class=\"elementor-heading-title elementor-size-default\">Tarieven<\/h2>\t\t\t\t<\/div>\n\t\t\t\t<\/div>\n\t\t\t\t<div class=\"elementor-element elementor-element-ac4815e elementor-widget elementor-widget-accordion\" data-id=\"ac4815e\" data-element_type=\"widget\" data-e-type=\"widget\" data-widget_type=\"accordion.default\">\n\t\t\t\t<div class=\"elementor-widget-container\">\n\t\t\t\t\t\t\t<div class=\"elementor-accordion\">\n\t\t\t\t\t\t\t<div class=\"elementor-accordion-item\">\n\t\t\t\t\t<div id=\"elementor-tab-title-1801\" class=\"elementor-tab-title\" data-tab=\"1\" role=\"button\" aria-controls=\"elementor-tab-content-1801\" aria-expanded=\"false\">\n\t\t\t\t\t\t\t\t\t\t\t\t\t<span class=\"elementor-accordion-icon elementor-accordion-icon-left\" aria-hidden=\"true\">\n\t\t\t\t\t\t\t\t\t\t\t\t\t\t\t<span class=\"elementor-accordion-icon-closed\"><i class=\"fas fa-plus\"><\/i><\/span>\n\t\t\t\t\t\t\t\t<span class=\"elementor-accordion-icon-opened\"><i class=\"fas fa-minus\"><\/i><\/span>\n\t\t\t\t\t\t\t\t\t\t\t\t\t\t<\/span>\n\t\t\t\t\t\t\t\t\t\t\t\t<a class=\"elementor-accordion-title\" tabindex=\"0\">Wat zijn onze tarieven?<\/a>\n\t\t\t\t\t<\/div>\n\t\t\t\t\t<div id=\"elementor-tab-content-1801\" class=\"elementor-tab-content elementor-clearfix\" data-tab=\"1\" role=\"region\" aria-labelledby=\"elementor-tab-title-1801\"><p class=\"translation-block\">Onze prijzen voor preventieve zorg vindt u op het tabblad <a href=\"https:\/\/www.homeveteindhoven.nl\/nl\/tarieven\/\" target=\"_self\"><strong>Tarieven<\/strong><\/a>. Voor alle andere vragen kunt u contact met ons opnemen en zullen wij u graag helpen.<\/p><\/div>\n\t\t\t\t<\/div>\n\t\t\t\t\t\t\t<div class=\"elementor-accordion-item\">\n\t\t\t\t\t<div id=\"elementor-tab-title-1802\" class=\"elementor-tab-title\" data-tab=\"2\" role=\"button\" aria-controls=\"elementor-tab-content-1802\" aria-expanded=\"false\">\n\t\t\t\t\t\t\t\t\t\t\t\t\t<span class=\"elementor-accordion-icon elementor-accordion-icon-left\" aria-hidden=\"true\">\n\t\t\t\t\t\t\t\t\t\t\t\t\t\t\t<span class=\"elementor-accordion-icon-closed\"><i class=\"fas fa-plus\"><\/i><\/span>\n\t\t\t\t\t\t\t\t<span class=\"elementor-accordion-icon-opened\"><i class=\"fas fa-minus\"><\/i><\/span>\n\t\t\t\t\t\t\t\t\t\t\t\t\t\t<\/span>\n\t\t\t\t\t\t\t\t\t\t\t\t<a class=\"elementor-accordion-title\" tabindex=\"0\">Ik heb thuis meer dan \u00e9\u00e9n huisdier dat dierenartszorg nodig heeft, moet ik de reiskosten dan dubbel betalen? <\/a>\n\t\t\t\t\t<\/div>\n\t\t\t\t\t<div id=\"elementor-tab-content-1802\" class=\"elementor-tab-content elementor-clearfix\" data-tab=\"2\" role=\"region\" aria-labelledby=\"elementor-tab-title-1802\"><p>Natuurlijk niet. Als u onze diensten voor meer dan \u00e9\u00e9n huisdier tegelijk boekt, hoeft u de reiskosten maar \u00e9\u00e9n keer te betalen.<\/p><\/div>\n\t\t\t\t<\/div>\n\t\t\t\t\t\t\t<div class=\"elementor-accordion-item\">\n\t\t\t\t\t<div id=\"elementor-tab-title-1803\" class=\"elementor-tab-title\" data-tab=\"3\" role=\"button\" aria-controls=\"elementor-tab-content-1803\" aria-expanded=\"false\">\n\t\t\t\t\t\t\t\t\t\t\t\t\t<span class=\"elementor-accordion-icon elementor-accordion-icon-left\" aria-hidden=\"true\">\n\t\t\t\t\t\t\t\t\t\t\t\t\t\t\t<span class=\"elementor-accordion-icon-closed\"><i class=\"fas fa-plus\"><\/i><\/span>\n\t\t\t\t\t\t\t\t<span class=\"elementor-accordion-icon-opened\"><i class=\"fas fa-minus\"><\/i><\/span>\n\t\t\t\t\t\t\t\t\t\t\t\t\t\t<\/span>\n\t\t\t\t\t\t\t\t\t\t\t\t<a class=\"elementor-accordion-title\" tabindex=\"0\">Mijn buurvrouw en ik willen graag een consult boeken, kunnen we de reiskosten delen?<\/a>\n\t\t\t\t\t<\/div>\n\t\t\t\t\t<div id=\"elementor-tab-content-1803\" class=\"elementor-tab-content elementor-clearfix\" data-tab=\"3\" role=\"region\" aria-labelledby=\"elementor-tab-title-1803\"><p>Splitsing van de reiskosten is mogelijk wanneer de consultaties direct na elkaar worden geboekt en de afstand tussen de huizen minder dan 500m bedraagt.<\/p><\/div>\n\t\t\t\t<\/div>\n\t\t\t\t\t\t\t<div class=\"elementor-accordion-item\">\n\t\t\t\t\t<div id=\"elementor-tab-title-1804\" class=\"elementor-tab-title\" data-tab=\"4\" role=\"button\" aria-controls=\"elementor-tab-content-1804\" aria-expanded=\"false\">\n\t\t\t\t\t\t\t\t\t\t\t\t\t<span class=\"elementor-accordion-icon elementor-accordion-icon-left\" aria-hidden=\"true\">\n\t\t\t\t\t\t\t\t\t\t\t\t\t\t\t<span class=\"elementor-accordion-icon-closed\"><i class=\"fas fa-plus\"><\/i><\/span>\n\t\t\t\t\t\t\t\t<span class=\"elementor-accordion-icon-opened\"><i class=\"fas fa-minus\"><\/i><\/span>\n\t\t\t\t\t\t\t\t\t\t\t\t\t\t<\/span>\n\t\t\t\t\t\t\t\t\t\t\t\t<a class=\"elementor-accordion-title\" tabindex=\"0\">Wanneer zijn de reiskosten gratis?<\/a>\n\t\t\t\t\t<\/div>\n\t\t\t\t\t<div id=\"elementor-tab-content-1804\" class=\"elementor-tab-content elementor-clearfix\" data-tab=\"4\" role=\"region\" aria-labelledby=\"elementor-tab-title-1804\"><p>Reiskosten zijn volledig gratis wanneer je boekt voor 3 huisdieren of meer tegelijk in zones A of B. Voor gebieden buiten deze zones geldt een <span>Er geldt een tarief van \u20ac 2,25 \/ km.<\/span><span><\/span><\/p><\/div>\n\t\t\t\t<\/div>\n\t\t\t\t\t\t\t<div class=\"elementor-accordion-item\">\n\t\t\t\t\t<div id=\"elementor-tab-title-1805\" class=\"elementor-tab-title\" data-tab=\"5\" role=\"button\" aria-controls=\"elementor-tab-content-1805\" aria-expanded=\"false\">\n\t\t\t\t\t\t\t\t\t\t\t\t\t<span class=\"elementor-accordion-icon elementor-accordion-icon-left\" aria-hidden=\"true\">\n\t\t\t\t\t\t\t\t\t\t\t\t\t\t\t<span class=\"elementor-accordion-icon-closed\"><i class=\"fas fa-plus\"><\/i><\/span>\n\t\t\t\t\t\t\t\t<span class=\"elementor-accordion-icon-opened\"><i class=\"fas fa-minus\"><\/i><\/span>\n\t\t\t\t\t\t\t\t\t\t\t\t\t\t<\/span>\n\t\t\t\t\t\t\t\t\t\t\t\t<a class=\"elementor-accordion-title\" tabindex=\"0\">Ik woon buiten de zones A en B, welke reiskosten zijn van toepassing?<\/a>\n\t\t\t\t\t<\/div>\n\t\t\t\t\t<div id=\"elementor-tab-content-1805\" class=\"elementor-tab-content elementor-clearfix\" data-tab=\"5\" role=\"region\" aria-labelledby=\"elementor-tab-title-1805\"><p>Voor gebieden buiten zones A en B geldt een <span>Er geldt een tarief van \u20ac 2,25 \/ km.<\/span><\/p><\/div>\n\t\t\t\t<\/div>\n\t\t\t\t\t\t\t\t<\/div>\n\t\t\t\t\t\t<\/div>\n\t\t\t\t<\/div>\n\t\t\t\t\t<\/div>\n\t\t<\/div>\n\t\t\t\t\t<\/div>\n\t\t<\/section>\n\t\t\t\t<\/div>","protected":false},"excerpt":{"rendered":"<p>Frequently asked questions Book an appointment How does Home Vet Eindhoven work? How do we work? Booking an appointment is simple. Fill out our online booking form and we will get back to you as soon as possible. We come to your home and bring everything we need with us. [&hellip;]<\/p>\n","protected":false},"author":1,"featured_media":0,"parent":0,"menu_order":0,"comment_status":"closed","ping_status":"closed","template":"elementor_header_footer","meta":{"footnotes":""},"class_list":["post-548","page","type-page","status-publish","hentry"],"yoast_head":"<!-- This site is optimized with the Yoast SEO plugin v25.6 - https:\/\/yoast.com\/wordpress\/plugins\/seo\/ -->\n<title>F.A.Q. - Home Vet Eindhoven<\/title>\n<meta name=\"robots\" content=\"index, follow, max-snippet:-1, max-image-preview:large, max-video-preview:-1\" \/>\n<link rel=\"canonical\" href=\"https:\/\/www.homeveteindhoven.nl\/nl\/veelgestelde-vragen\/\" \/>\n<meta name=\"twitter:label1\" content=\"Geschatte leestijd\" \/>\n\t<meta name=\"twitter:data1\" content=\"3 minuten\" \/>\n<script type=\"application\/ld+json\" class=\"yoast-schema-graph\">{\"@context\":\"https:\/\/schema.org\",\"@graph\":[{\"@type\":\"WebPage\",\"@id\":\"https:\/\/www.homeveteindhoven.nl\/faq\/\",\"url\":\"https:\/\/www.homeveteindhoven.nl\/faq\/\",\"name\":\"F.A.Q. - Home Vet Eindhoven\",\"isPartOf\":{\"@id\":\"https:\/\/www.homeveteindhoven.nl\/#website\"},\"datePublished\":\"2022-01-30T12:49:39+00:00\",\"dateModified\":\"2024-09-05T18:15:05+00:00\",\"breadcrumb\":{\"@id\":\"https:\/\/www.homeveteindhoven.nl\/faq\/#breadcrumb\"},\"inLanguage\":\"nl-NL\",\"potentialAction\":[{\"@type\":\"ReadAction\",\"target\":[\"https:\/\/www.homeveteindhoven.nl\/faq\/\"]}]},{\"@type\":\"BreadcrumbList\",\"@id\":\"https:\/\/www.homeveteindhoven.nl\/faq\/#breadcrumb\",\"itemListElement\":[{\"@type\":\"ListItem\",\"position\":1,\"name\":\"Home\",\"item\":\"https:\/\/www.homeveteindhoven.nl\/\"},{\"@type\":\"ListItem\",\"position\":2,\"name\":\"F.A.Q.\"}]},{\"@type\":\"WebSite\",\"@id\":\"https:\/\/www.homeveteindhoven.nl\/#website\",\"url\":\"https:\/\/www.homeveteindhoven.nl\/\",\"name\":\"Home Vet Eindhoven\",\"description\":\"\",\"publisher\":{\"@id\":\"https:\/\/www.homeveteindhoven.nl\/#organization\"},\"potentialAction\":[{\"@type\":\"SearchAction\",\"target\":{\"@type\":\"EntryPoint\",\"urlTemplate\":\"https:\/\/www.homeveteindhoven.nl\/?s={search_term_string}\"},\"query-input\":{\"@type\":\"PropertyValueSpecification\",\"valueRequired\":true,\"valueName\":\"search_term_string\"}}],\"inLanguage\":\"nl-NL\"},{\"@type\":\"Organization\",\"@id\":\"https:\/\/www.homeveteindhoven.nl\/#organization\",\"name\":\"Home Vet Eindhoven\",\"url\":\"https:\/\/www.homeveteindhoven.nl\/\",\"logo\":{\"@type\":\"ImageObject\",\"inLanguage\":\"nl-NL\",\"@id\":\"https:\/\/www.homeveteindhoven.nl\/#\/schema\/logo\/image\/\",\"url\":\"https:\/\/www.homeveteindhoven.nl\/wp-content\/uploads\/2022\/06\/hve_icon_solid_cyan_1.png\",\"contentUrl\":\"https:\/\/www.homeveteindhoven.nl\/wp-content\/uploads\/2022\/06\/hve_icon_solid_cyan_1.png\",\"width\":512,\"height\":512,\"caption\":\"Home Vet Eindhoven\"},\"image\":{\"@id\":\"https:\/\/www.homeveteindhoven.nl\/#\/schema\/logo\/image\/\"}}]}<\/script>\n<!-- \/ Yoast SEO plugin. -->","yoast_head_json":{"title":"F.A.Q. - Home Vet Eindhoven","robots":{"index":"index","follow":"follow","max-snippet":"max-snippet:-1","max-image-preview":"max-image-preview:large","max-video-preview":"max-video-preview:-1"},"canonical":"https:\/\/www.homeveteindhoven.nl\/nl\/veelgestelde-vragen\/","twitter_misc":{"Geschatte leestijd":"3 minuten"},"schema":{"@context":"https:\/\/schema.org","@graph":[{"@type":"WebPage","@id":"https:\/\/www.homeveteindhoven.nl\/faq\/","url":"https:\/\/www.homeveteindhoven.nl\/faq\/","name":"F.A.Q. - Home Vet Eindhoven","isPartOf":{"@id":"https:\/\/www.homeveteindhoven.nl\/#website"},"datePublished":"2022-01-30T12:49:39+00:00","dateModified":"2024-09-05T18:15:05+00:00","breadcrumb":{"@id":"https:\/\/www.homeveteindhoven.nl\/faq\/#breadcrumb"},"inLanguage":"nl-NL","potentialAction":[{"@type":"ReadAction","target":["https:\/\/www.homeveteindhoven.nl\/faq\/"]}]},{"@type":"BreadcrumbList","@id":"https:\/\/www.homeveteindhoven.nl\/faq\/#breadcrumb","itemListElement":[{"@type":"ListItem","position":1,"name":"Home","item":"https:\/\/www.homeveteindhoven.nl\/"},{"@type":"ListItem","position":2,"name":"F.A.Q."}]},{"@type":"WebSite","@id":"https:\/\/www.homeveteindhoven.nl\/#website","url":"https:\/\/www.homeveteindhoven.nl\/","name":"Home Dierenarts Eindhoven","description":"","publisher":{"@id":"https:\/\/www.homeveteindhoven.nl\/#organization"},"potentialAction":[{"@type":"SearchAction","target":{"@type":"EntryPoint","urlTemplate":"https:\/\/www.homeveteindhoven.nl\/?s={search_term_string}"},"query-input":{"@type":"PropertyValueSpecification","valueRequired":true,"valueName":"search_term_string"}}],"inLanguage":"nl-NL"},{"@type":"Organization","@id":"https:\/\/www.homeveteindhoven.nl\/#organization","name":"Home Dierenarts Eindhoven","url":"https:\/\/www.homeveteindhoven.nl\/","logo":{"@type":"ImageObject","inLanguage":"nl-NL","@id":"https:\/\/www.homeveteindhoven.nl\/#\/schema\/logo\/image\/","url":"https:\/\/www.homeveteindhoven.nl\/wp-content\/uploads\/2022\/06\/hve_icon_solid_cyan_1.png","contentUrl":"https:\/\/www.homeveteindhoven.nl\/wp-content\/uploads\/2022\/06\/hve_icon_solid_cyan_1.png","width":512,"height":512,"caption":"Home Vet Eindhoven"},"image":{"@id":"https:\/\/www.homeveteindhoven.nl\/#\/schema\/logo\/image\/"}}]}},"_links":{"self":[{"href":"https:\/\/www.homeveteindhoven.nl\/nl\/wp-json\/wp\/v2\/pages\/548"}],"collection":[{"href":"https:\/\/www.homeveteindhoven.nl\/nl\/wp-json\/wp\/v2\/pages"}],"about":[{"href":"https:\/\/www.homeveteindhoven.nl\/nl\/wp-json\/wp\/v2\/types\/page"}],"author":[{"embeddable":true,"href":"https:\/\/www.homeveteindhoven.nl\/nl\/wp-json\/wp\/v2\/users\/1"}],"replies":[{"embeddable":true,"href":"https:\/\/www.homeveteindhoven.nl\/nl\/wp-json\/wp\/v2\/comments?post=548"}],"version-history":[{"count":19,"href":"https:\/\/www.homeveteindhoven.nl\/nl\/wp-json\/wp\/v2\/pages\/548\/revisions"}],"predecessor-version":[{"id":3861,"href":"https:\/\/www.homeveteindhoven.nl\/nl\/wp-json\/wp\/v2\/pages\/548\/revisions\/3861"}],"wp:attachment":[{"href":"https:\/\/www.homeveteindhoven.nl\/nl\/wp-json\/wp\/v2\/media?parent=548"}],"curies":[{"name":"wp","href":"https:\/\/api.w.org\/{rel}","templated":true}]}}